{"id":1704,"date":"2020-06-02T21:24:58","date_gmt":"2020-06-02T21:24:58","guid":{"rendered":"http:\/\/lefitec.com\/?page_id=1704"},"modified":"2020-06-05T23:06:24","modified_gmt":"2020-06-05T23:06:24","slug":"politica-de-privacidad","status":"publish","type":"page","link":"https:\/\/lefitec.com\/ca\/politica-de-privacidad\/","title":{"rendered":"Pol\u00edtica de privacitat"},"content":{"rendered":"<p>Cuando precisemos obtener informaci\u00f3n por su parte, siempre le solicitaremos que nos la proporcione voluntariamente de forma expresa. Los datos ser\u00e1n\u00a0 recabados a trav\u00e9s de los formularios de recogida de datos del sitio web u otras v\u00edas.<\/p>\n<table>\n<tbody>\n<tr>\n<td colspan=\"2\" width=\"598\"><strong>Informaci\u00f3n B\u00e1sica sobre Protecci\u00f3n de Datos<\/strong><\/td>\n<\/tr>\n<tr>\n<td width=\"164\">Responsable:<\/td>\n<td width=\"435\">RAMBLA PONENT CONSULTORS S.L.<\/td>\n<\/tr>\n<tr>\n<td width=\"164\">Finalidad:<\/td>\n<td width=\"435\">Gesti\u00f3n de clientes y potenciales clientes, Atender a sus consultas. Prestar los servicios solicitados ,Env\u00edo de comunicaciones comerciales.<\/td>\n<\/tr>\n<tr>\n<td width=\"164\">Legitimaci\u00f3n:<\/td>\n<td width=\"435\">Consentimiento del interesado \u2013 Ejecuci\u00f3n de un contrato \u2013 Inter\u00e9s leg\u00edtimo del responsable.<\/td>\n<\/tr>\n<tr>\n<td width=\"164\">Destinatarios:<\/td>\n<td width=\"435\">No est\u00e1n previstas cesiones de datos de los \u201cPotenciales clientes\u201d ni usuarios contacto\u00a0 en web\u00a0 y en el caso de los \u201cclientes\u201d, \u00fanicamente a: Personas o entidades directamente relacionadas con el responsable y necesarias para la prestaci\u00f3n del servicio, adem\u00e1s de entidades e instancias con las que exista una obligaci\u00f3n legal.<\/td>\n<\/tr>\n<tr>\n<td width=\"164\">Derechos:<\/td>\n<td width=\"435\">Tiene derecho a acceder, rectificar y suprimir los datos, as\u00ed como otros derechos, indicados en la informaci\u00f3n adicional, que puede ejercer dirigi\u00e9ndose a la direcci\u00f3n del responsable del tratamiento en\u00a0<a href=\"mailto:info@lefitec.com\">info@lefitec.com<\/a><\/td>\n<\/tr>\n<tr>\n<td width=\"164\">Procedencia:<\/td>\n<td width=\"435\">El propio interesado.<\/td>\n<\/tr>\n<tr>\n<td width=\"164\"><strong>Informaci\u00f3n adicional:<\/strong><\/td>\n<td width=\"435\">Puede consultar informaci\u00f3n adicional y detallada sobre Protecci\u00f3n de Datos en la continuaci\u00f3n de este documento.<\/td>\n<\/tr>\n<\/tbody>\n<\/table>\n<p>&nbsp;<\/p>\n<p><strong>Informaci\u00f3n adicional\u00a0\u00a0<\/strong><\/p>\n<p><strong>\u00bfQui\u00e9n es el responsable del tratamiento de sus datos?<\/strong><\/p>\n<p><strong>Identidad<\/strong>: RAMBLA PONENT CONSULTORS S.L. \u00a0\u00a0<strong>Direcci\u00f3n postal<\/strong>: Rambla Ponent, bloc-10, locals-11-12-13, 43006, TARRAGONA.\u00a0<strong>Tel\u00e9fono<\/strong>: 977 541317\u00a0\u00a0<strong>Correo electr\u00f3nico<\/strong>:\u00a0<a href=\"mailto:info@lefitec.com\">info@lefitec.com<\/a><\/p>\n<p><strong>\u00bfCon qu\u00e9 finalidad tratamos sus datos personales?<\/strong><\/p>\n<p>RAMBLA PONENT CONSULTORS S.L. Propietario de la Web\u00a0 tratamos la informaci\u00f3n que nos facilitan las personas interesadas con el fin de: Realizar la gesti\u00f3n administrativa, contable y fiscal de nuestros clientes o potenciales clientes, atender a sus consultas, intercomunicaci\u00f3n entre las partes por medios electr\u00f3nicos (Whats App, etc) as\u00ed como el env\u00edo de comunicaciones comerciales (Por medios postales o electr\u00f3nicos) \u00a0sobre los productos y servicios por parte de las empresas mancomunadas en los servicios que propone la web (LEFITEC PROJECTES S.L.P,\u201dServicios t\u00e9cnicos de ingenier\u00eda y arquitectura\u201d DIEGO MARTINEZ GALLARDO \u201cServicios jur\u00eddicos\u201d y LEFITEC FISCAL Y LABORAL S.L.P. \u201cGesti\u00f3n y asesoramiento empresarial, gestor\u00eda administrativa, servicios jur\u00eddicos y administraci\u00f3n comunidades\u201d).<\/p>\n<p><strong>\u00bfPor cu\u00e1nto tiempo conservaremos sus datos?<\/strong><\/p>\n<p>Los datos se conservar\u00e1n mientras se mantenga la relaci\u00f3n comercial o durante los a\u00f1os necesarios para cumplir con las obligaciones legales (clientes) y mientras no lo solicite el interesado (potenciales clientes ,\u00a0 usuarios cuestionario de contacto web ).<\/p>\n<p><strong>\u00bfCu\u00e1l es la legitimaci\u00f3n para el tratamiento de sus datos?<\/strong><\/p>\n<p>Le indicamos la base legal para el tratamiento de sus datos: \u2013\u00a0<u>Consentimiento del interesado<\/u>: Env\u00edo de comunicaciones comerciales (potenciales clientes). \u2013\u00a0<u>Ejecuci\u00f3n de un contrato<\/u>: Prestaci\u00f3n de los servicios\/productos solicitados. \u2013\u00a0<u>Ejecuci\u00f3n de medidas precontractuales a petici\u00f3n del interesado<\/u>: Atender a las solicitudes recibidas,\u00a0\u00a0 \u2013\u00a0<u>Inter\u00e9s leg\u00edtimo del responsable<\/u>: Env\u00edo de comunicaciones comerciales. (clientes).<\/p>\n<p><strong>\u00bfA qu\u00e9 destinatarios se comunicar\u00e1n sus datos?<\/strong><\/p>\n<p>A la empresa mancomunada a la que corresponda el servicio, solicitud o env\u00edo que realiza el usuario. \u00a0Se comparten datos con otros prestadores de servicios con los que existe un contrato, debidamente firmado, seg\u00fan dicta el art\u00edculo 28 del RGPD-UE. Tambi\u00e9n a entidades o instancias con obligaci\u00f3n legal.<\/p>\n<p><strong>\u00bfTransferencias de datos a terceros pa\u00edses?<\/strong><\/p>\n<p>No est\u00e1n previstas transferencias de datos a terceros pa\u00edses.<\/p>\n<p><strong>\u00bfCu\u00e1les son sus derechos cuando nos facilita sus datos?<\/strong><\/p>\n<p>Cualquier persona tiene derecho a obtener confirmaci\u00f3n sobre si en RAMBLA PONENT CONSULTORS S.L.. estamos tratando datos personales que les conciernan, o no.Las personas interesadas tienen derecho a acceder a sus datos personales, as\u00ed como a solicitar la rectificaci\u00f3n de los datos inexactos o, en su caso, solicitar su supresi\u00f3n cuando, entre otros motivos, los datos ya no sean necesarios para los fines que fueron recogidos.<\/p>\n<p>En determinadas circunstancias, los interesados podr\u00e1n solicitar la limitaci\u00f3n del tratamiento de sus datos, en cuyo caso \u00fanicamente los conservaremos para el ejercicio o la defensa de reclamaciones.<\/p>\n<p>En determinadas circunstancias y por motivos relacionados con su situaci\u00f3n particular, los interesados podr\u00e1n oponerse al tratamiento de sus datos. En este caso, RAMBLA PONENT CONSULTORS S.L.. dejar\u00e1 de tratar los datos, salvo por motivos leg\u00edtimos imperiosos, o el ejercicio o la defensa de posibles reclamaciones.<\/p>\n<p>Podr\u00e1 ejercitar materialmente sus derechos de la siguiente forma: Tiene derecho a acceder, rectificar y suprimir los datos, as\u00ed como la portabilidad de sus datos, que puede ejercer en la direcci\u00f3n del responsable o en:\u00a0<a href=\"mailto:info@lefitec.com\">info@lefitec.com<\/a>\u00a0\u00a0\u00a0.<\/p>\n<p>Si ha otorgado su consentimiento para alguna finalidad concreta, tiene derecho a retirar el consentimiento otorgado en cualquier momento, sin que ello afecte a la licitud del tratamiento basado en el consentimiento previo a su retirada.<\/p>\n<p>En caso de que sienta vulnerados sus derechos en lo concerniente a la protecci\u00f3n de sus datos personales, especialmente cuando no haya obtenido satisfacci\u00f3n en el ejercicio de sus derechos, puede presentar una reclamaci\u00f3n ante la Autoridad de Control en materia de Protecci\u00f3n de Datos competente a trav\u00e9s de su sitio web: www.agpd.es<\/p>\n<p>&nbsp;<\/p>\n<p><strong>\u00bfC\u00f3mo HEMOS OBTENIDO SUS DATOS?<\/strong><\/p>\n<p>Los datos personales que tratamos en RAMBLA PONENT CONSULTORS S.L.. proceden del propio interesado.<\/p>\n<p>No se tratan categor\u00edas especiales de datos personales (son aquellos datos que revelen el origen \u00e9tnico o racial, las opiniones pol\u00edticas, las convicciones religiosas o filos\u00f3ficas, o la afiliaci\u00f3n sindical, datos gen\u00e9ticos, datos biom\u00e9tricos dirigidos a identificar de manera un\u00edvoca a una persona f\u00edsica, datos de salud o datos relativos a la vida sexual o la orientaci\u00f3n sexual de una persona f\u00edsica).<\/p>\n<p>&nbsp;<\/p>\n<p>RAMBLA PONENT CONSULTORS S.L adopta los niveles de seguridad correspondientes requeridos por REGLAMENTO (UE) 2016\/679 DEL PARLAMENTO EUROPEO Y DEL CONSEJO\u00a0 y dem\u00e1s normativa aplicable. No obstante, no puede garantizar la absoluta invulnerabilidad de los sistemas, por tanto, no asume ninguna responsabilidad por los da\u00f1os y perjuicios derivados de alteraciones que terceros puedan causar en los sistemas inform\u00e1ticos, documentos electr\u00f3nicos o ficheros del usuario.<\/p>\n<p>Si opta por abandonar nuestro sitio web a trav\u00e9s de enlaces a sitios web no pertenecientes a nuestra entidad, RAMBLA PONENT CONSULTORS S.L. no se har\u00e1 responsable de las pol\u00edticas de privacidad de dichos sitios web ni de las cookies que \u00e9stos puedan almacenar en el ordenador del usuario.<\/p>\n<p>Nuestra pol\u00edtica con respecto al correo electr\u00f3nico se centra en remitir \u00fanicamente comunicaciones que usted haya solicitado recibir.<\/p>\n<p>Si prefiere no recibir estos mensajes por correo electr\u00f3nico le ofreceremos a trav\u00e9s de los mismos la posibilidad de ejercer su derecho de cancelaci\u00f3n y renuncia a la recepci\u00f3n de estos mensajes, en conformidad con lo dispuesto en el\u00a0<strong>T\u00edtulo III, art\u00edculo 22 de la Ley 34\/2002, de Servicios para la Sociedad de la Informaci\u00f3n y de Comercio Electr\u00f3nico<\/strong><\/p>","protected":false},"excerpt":{"rendered":"<p>Cuando precisemos obtener informaci\u00f3n por su parte, siempre le solicitaremos que nos la proporcione voluntariamente de forma expresa. Los datos ser\u00e1n\u00a0 recabados a trav\u00e9s de los formularios de recogida de datos del sitio web u otras v\u00edas. Informaci\u00f3n B\u00e1sica sobre Protecci\u00f3n de Datos Responsable: RAMBLA PONENT CONSULTORS S.L. Finalidad: Gesti\u00f3n de clientes y potenciales clientes, [&hellip;]<\/p>","protected":false},"author":4,"featured_media":0,"parent":0,"menu_order":0,"comment_status":"closed","ping_status":"closed","template":"","meta":{"footnotes":""},"_links":{"self":[{"href":"https:\/\/lefitec.com\/ca\/wp-json\/wp\/v2\/pages\/1704"}],"collection":[{"href":"https:\/\/lefitec.com\/ca\/wp-json\/wp\/v2\/pages"}],"about":[{"href":"https:\/\/lefitec.com\/ca\/wp-json\/wp\/v2\/types\/page"}],"author":[{"embeddable":true,"href":"https:\/\/lefitec.com\/ca\/wp-json\/wp\/v2\/users\/4"}],"replies":[{"embeddable":true,"href":"https:\/\/lefitec.com\/ca\/wp-json\/wp\/v2\/comments?post=1704"}],"version-history":[{"count":2,"href":"https:\/\/lefitec.com\/ca\/wp-json\/wp\/v2\/pages\/1704\/revisions"}],"predecessor-version":[{"id":1706,"href":"https:\/\/lefitec.com\/ca\/wp-json\/wp\/v2\/pages\/1704\/revisions\/1706"}],"wp:attachment":[{"href":"https:\/\/lefitec.com\/ca\/wp-json\/wp\/v2\/media?parent=1704"}],"curies":[{"name":"wp","href":"https:\/\/api.w.org\/{rel}","templated":true}]}}