{"id":1708,"date":"2020-06-02T21:28:56","date_gmt":"2020-06-02T21:28:56","guid":{"rendered":"http:\/\/lefitec.com\/?page_id=1708"},"modified":"2021-10-15T11:36:18","modified_gmt":"2021-10-15T11:36:18","slug":"aviso-legal","status":"publish","type":"page","link":"https:\/\/lefitec.com\/ca\/aviso-legal\/","title":{"rendered":"Av\u00eds legal"},"content":{"rendered":"<p><strong>0. OBJETO<\/strong> <strong>Y<\/strong> <strong>ACEPTACI\u00d3N<\/strong><\/p>\n<p>&nbsp;<\/p>\n<p>El presente aviso legal regula el uso del sitio web <a href=\"https:\/\/lefitec.com\/ca\/\">www.lefitec.com<\/a> \u00a0(en adelante, LA WEB), del que es titular RAMBLA PONENT CONSULTORS S.L. (en adelante, EL PROPIETARIO DE LA WEB).<\/p>\n<p>La navegaci\u00f3n por el sitio web de EL PROPIETARIO DE LA WEB atribuye la condici\u00f3n de usuario del mismo e implica la aceptaci\u00f3n plena y sin reservas de todas y cada una de las disposiciones incluidas en este Aviso Legal, que pueden sufrir modificaciones.<\/p>\n<p>El usuario se obliga a hacer un uso correcto del sitio web de conformidad con las leyes, la buena fe, el orden p\u00fablico, los usos del tr\u00e1fico y el presente Aviso Legal. El usuario responder\u00e1 frente a EL PROPIETARIO DE LA WEB o frente a terceros, de cualesquiera da\u00f1os y perjuicios que pudieran causarse como consecuencia del incumplimiento de dicha obligaci\u00f3n.<\/p>\n<p>&nbsp;<\/p>\n<p>&nbsp;<\/p>\n<ol>\n<li><strong>IDENTIFICACI\u00d3N<\/strong> <strong>Y<\/strong> <strong>COMUNICACIONES<\/strong><\/li>\n<\/ol>\n<p>EL PROPIETARIO DE LA WEB, en cumplimiento de la Ley 34\/2002, de 11 de julio, de servicios de la sociedad de la informaci\u00f3n y de comercio electr\u00f3nico, le informa de que:<\/p>\n<p>Denominaci\u00f3n social es: RAMBLA PONENT\u00a0 CONSULTORS SL\u00a0\u00a0\u00a0\u00a0\u00a0\u00a0\u00a0\u00a0\u00a0\u00a0\u00a0\u00a0\u00a0\u00a0\u00a0 Su CIF es: B-55661516<\/p>\n<p>Su domicilio social est\u00e1 en: Rambla Ponent, bloc-10,locals 11-12-13.<\/p>\n<p>Inscrita en el Registro Mercantil de Tarragona, T-2889, F-138, S-8, HT-48600.<\/p>\n<p>Para comunicarse con nosotros, ponemos a su disposici\u00f3n diferentes medios de contacto que detallamos a continuaci\u00f3n:<\/p>\n<p>Tfno: 977 541317<\/p>\n<p>Email: info@lefitec.com<\/p>\n<p>&nbsp;<\/p>\n<p>Todas las notificaciones y comunicaciones entre los usuarios y EL PROPIETARIO DE LA WEB se considerar\u00e1n eficaces, a todos los efectos, cuando se realicen a trav\u00e9s de correo postal o cualquier otro medio de los detallados anteriormente.<\/p>\n<p>&nbsp;<\/p>\n<ol start=\"2\">\n<li><strong>CONDICIONES<\/strong> <strong>DE<\/strong> <strong>ACCESO<\/strong> <strong>Y<\/strong> <strong>UTILIZACI\u00d3N<\/strong><\/li>\n<\/ol>\n<p>El sitio web y sus servicios son de acceso libre y gratuito, no obstante, EL<\/p>\n<p>&nbsp;<\/p>\n<p>PROPIETARIO DE LA WEB condiciona la utilizaci\u00f3n de algunos de los servicios ofrecidos en su web a la previa cumplimentaci\u00f3n del correspondiente formulario.<\/p>\n<p>&nbsp;<\/p>\n<p>El usuario garantiza la autenticidad y actualidad de todos aquellos datos que comunique a EL PROPIETARIO DE LA WEB y ser\u00e1 el \u00fanico responsable de las manifestaciones falsas o inexactas que realice.<\/p>\n<p>&nbsp;<\/p>\n<p>&nbsp;<\/p>\n<p>El usuario se compromete expresamente a hacer un uso adecuado de los contenidos y servicios de EL PROPIETARIO DE LA WEB y a no emplearlos para, entre otros:<\/p>\n<p>&nbsp;<\/p>\n<ul>\n<li>a) Difundir contenidos, delictivos, violentos, pornogr\u00e1ficos, racistas, xen\u00f3fobo, ofensivos, de apolog\u00eda del terrorismo o, en general, contrarios a la ley o al orden p\u00fablico.<\/li>\n<li>b) Introducir en la red virus inform\u00e1ticos o realizar actuaciones susceptibles de alterar, estropear, interrumpir o generar errores o da\u00f1os en los documentos electr\u00f3nicos, datos o sistemas f\u00edsicos y l\u00f3gicos de EL PROPIETARIO DE LA WEB o de terceras personas; as\u00ed como obstaculizar el acceso de otros usuarios al sitio web y a sus servicios mediante el consumo masivo de los recursos inform\u00e1ticos a trav\u00e9s de los cuales EL PROPIETARIO DE LA WEB presta sus servicios.<\/li>\n<li>c) Intentar acceder a las cuentas de correo electr\u00f3nico de otros usuarios o a \u00e1reas restringidas de los sistemas inform\u00e1ticos de EL PROPIETARIO DE LA WEB o de terceros y, en su caso, extraer informaci\u00f3n.<\/li>\n<li>d) Vulnerar los derechos de propiedad intelectual o industrial, as\u00ed como violar la confidencialidad de la informaci\u00f3n de EL PROPIETARIO DE LA WEB o de terceros.<\/li>\n<li>e) Suplantar la identidad de otro usuario, de las administraciones p\u00fablicas o de un tercero.<\/li>\n<li>f) Reproducir, copiar, distribuir, poner a disposici\u00f3n o de cualquier otra forma comunicar p\u00fablicamente, transformar o modificar los contenidos, a menos que se cuente con la autorizaci\u00f3n del titular de los correspondientes derechos o ello resulte legalmente permitido.<\/li>\n<li>g) Recabar datos con finalidad publicitaria y de remitir publicidad de cualquier clase y comunicaciones con fines de venta u otras de naturaleza comercial sin que medie su previa solicitud o consentimiento.<\/li>\n<\/ul>\n<p>&nbsp;<\/p>\n<p>&nbsp;<\/p>\n<p>Todos los contenidos del sitio web, como textos, fotograf\u00edas, gr\u00e1ficos, im\u00e1genes, iconos, tecnolog\u00eda, software, as\u00ed como su dise\u00f1o gr\u00e1fico y c\u00f3digos fuente, constituyen una obra cuya propiedad pertenece a EL PROPIETARIO DE LA WEB, sin que puedan entenderse cedidos al usuario ninguno de los derechos de explotaci\u00f3n sobre los mismos m\u00e1s all\u00e1 de lo estrictamente necesario para el correcto uso de la web.<\/p>\n<p>&nbsp;<\/p>\n<p>&nbsp;<\/p>\n<p>En definitiva, los usuarios que accedan a este sitio web pueden visualizar los contenidos y efectuar, en su caso, copias privadas autorizadas siempre que los elementos reproducidos no sean cedidos posteriormente a terceros, ni se instalen a servidores conectados a redes, ni sean objeto de ning\u00fan tipo de explotaci\u00f3n.<\/p>\n<p>&nbsp;<\/p>\n<p>Asimismo, todas las marcas, nombres comerciales o signos distintivos de cualquier clase que aparecen en el sitio web son propiedad de EL PROPIETARIO DE LA WEB, sin que pueda entenderse que el uso o acceso al mismo atribuya al usuario derecho alguno sobre los mismos.<\/p>\n<p>&nbsp;<\/p>\n<p>La distribuci\u00f3n, modificaci\u00f3n, cesi\u00f3n o comunicaci\u00f3n p\u00fablica de los contenidos y cualquier otro acto que no haya sido expresamente autorizado por el titular de los derechos de explotaci\u00f3n quedan prohibidos.<\/p>\n<p>&nbsp;<\/p>\n<p>El establecimiento de un hiperenlace no implica en ning\u00fan caso la existencia de relaciones entre EL PROPIETARIO DE LA WEB y el propietario del sitio web en la que se establezca, ni la aceptaci\u00f3n y aprobaci\u00f3n por parte de EL PROPIETARIO DE LA WEB de sus contenidos o servicios. Aquellas personas que se propongan establecer un hiperenlace previamente deber\u00e1n solicitar autorizaci\u00f3n por escrito a EL PROPIETARIO DE LA WEB. En todo caso, el hiperenlace \u00fanicamente permitir\u00e1 el acceso a la home-page o p\u00e1gina de inicio de nuestro sitio web, asimismo deber\u00e1 abstenerse de realizar manifestaciones o indicaciones falsas, inexactas o incorrectas sobre EL PROPIETARIO DE LA WEB, o incluir contenidos il\u00edcitos, contrarios a las buenas costumbres y al orden p\u00fablico.<\/p>\n<p>&nbsp;<\/p>\n<p>EL PROPIETARIO DE LA WEB no se responsabiliza del uso que cada usuario le d\u00e9 a los materiales puestos a disposici\u00f3n en este sitio web ni de las actuaciones que realice en base a los mismos.<\/p>\n<p>&nbsp;<\/p>\n<p>&nbsp;<\/p>\n<p>&nbsp;<\/p>\n<ol start=\"3\">\n<li><strong>EXCLUSI\u00d3N<\/strong> <strong>DE<\/strong> <strong>GARANT\u00cdAS<\/strong> <strong>Y<\/strong> <strong>DE<\/strong> <strong>RESPONSABILIDAD<\/strong><\/li>\n<\/ol>\n<p>El contenido del presente sitio web es de car\u00e1cter general y tiene una finalidad meramente informativa, sin que se garantice plenamente el acceso a todos los contenidos, ni su exhaustividad, correcci\u00f3n, vigencia o actualidad, ni su idoneidad o utilidad para un objetivo espec\u00edfico.<\/p>\n<p>&nbsp;<\/p>\n<p>EL PROPIETARIO DE LA WEB excluye, hasta donde permite el ordenamiento jur\u00eddico, cualquier responsabilidad por los da\u00f1os y perjuicios de toda naturaleza derivados de:<\/p>\n<p>&nbsp;<\/p>\n<ol>\n<li>a) La imposibilidad de acceso al sitio web o la falta de veracidad, exactitud, exhaustividad y\/o actualidad de los contenidos, as\u00ed como la existencia de vicios y defectos de toda clase de los contenidos transmitidos, difundidos, almacenados, puestos a disposici\u00f3n a los que se haya accedido a trav\u00e9s del sitio web o de los servicios que se ofrecen.<\/li>\n<\/ol>\n<p>&nbsp;<\/p>\n<ol>\n<li>b) La presencia de virus o de otros elementos en los contenidos que puedan producir alteraciones en los sistemas inform\u00e1ticos, documentos electr\u00f3nicos o datos de los usuarios.<\/li>\n<\/ol>\n<p>&nbsp;<\/p>\n<ol>\n<li>c) El incumplimiento de las leyes, la buena fe, el orden p\u00fablico, los usos del tr\u00e1fico y el presente aviso legal como consecuencia del uso incorrecto del sitio En particular, y a modo ejemplificativo, EL PROPIETARIO DE LA WEB no se hace responsable de las actuaciones de terceros que vulneren derechos de propiedad intelectual e industrial, secretos empresariales, derechos al honor, a la intimidad personal y familiar y a la propia imagen, as\u00ed como la normativa en materia de competencia desleal y publicidad il\u00edcita.<\/li>\n<\/ol>\n<p>&nbsp;<\/p>\n<p>&nbsp;<\/p>\n<p>Asimismo, EL PROPIETARIO DE LA WEB declina cualquier responsabilidad respecto a la informaci\u00f3n que se halle fuera de esta web y no sea gestionada directamente por nuestro webmaster. La funci\u00f3n de los links que aparecen en esta web es exclusivamente la de informar al usuario sobre la existencia de otras fuentes susceptibles de ampliar los contenidos que ofrece este sitio web. EL PROPIETARIO DE LA WEB no garantiza ni se responsabiliza del funcionamiento o accesibilidad de los sitios enlazados; ni sugiere, invita o recomienda la visita a los mismos, por lo que tampoco ser\u00e1 responsable del resultado obtenido. EL PROPIETARIO DE LA WEB no se responsabiliza del establecimiento de hiperv\u00ednculos por parte de terceros.<\/p>\n<p>&nbsp;<\/p>\n<p>&nbsp;<\/p>\n<p>&nbsp;<\/p>\n<ol start=\"4\">\n<li><strong>POL\u00cdTICA<\/strong> <strong>DE<\/strong> <strong>PRIVACIDAD<\/strong><\/li>\n<\/ol>\n<p>Cuando precisemos obtener informaci\u00f3n por su parte, siempre le solicitaremos que nos la proporcione voluntariamente de forma expresa. Los datos ser\u00e1n\u00a0 recabados a trav\u00e9s de los formularios de recogida de datos del sitio web u otras v\u00edas.<\/p>\n<table>\n<tbody>\n<tr>\n<td colspan=\"2\" width=\"598\"><strong>Informaci\u00f3n B\u00e1sica sobre Protecci\u00f3n de Datos<\/strong><\/td>\n<\/tr>\n<tr>\n<td width=\"164\">Responsable:<\/td>\n<td width=\"435\">RAMBLA PONENT CONSULTORS S.L.<\/td>\n<\/tr>\n<tr>\n<td width=\"164\">Finalidad:<\/td>\n<td width=\"435\">Gesti\u00f3n de clientes y potenciales clientes, Atender a sus consultas. Prestar los servicios solicitados ,Env\u00edo de comunicaciones comerciales.<\/td>\n<\/tr>\n<tr>\n<td width=\"164\">Legitimaci\u00f3n:<\/td>\n<td width=\"435\">Consentimiento del interesado \u2013 Ejecuci\u00f3n de un contrato \u2013 Inter\u00e9s leg\u00edtimo del responsable.<\/td>\n<\/tr>\n<tr>\n<td width=\"164\">Destinatarios:<\/td>\n<td width=\"435\">No est\u00e1n previstas cesiones de datos de los \u201cPotenciales clientes\u201d ni usuarios contacto\u00a0 en web\u00a0 y en el caso de los \u201cclientes\u201d, \u00fanicamente a: Personas o entidades directamente relacionadas con el responsable y necesarias para la prestaci\u00f3n del servicio, adem\u00e1s de entidades e instancias con las que exista una obligaci\u00f3n legal.<\/td>\n<\/tr>\n<tr>\n<td width=\"164\">Derechos:<\/td>\n<td width=\"435\">Tiene derecho a acceder, rectificar y suprimir los datos, as\u00ed como otros derechos, indicados en la informaci\u00f3n adicional, que puede ejercer dirigi\u00e9ndose a la direcci\u00f3n del responsable del tratamiento en <a href=\"mailto:info@lefitec.com\">info@lefitec.com<\/a><\/td>\n<\/tr>\n<tr>\n<td width=\"164\">Procedencia:<\/td>\n<td width=\"435\">El propio interesado.<\/td>\n<\/tr>\n<tr>\n<td width=\"164\"><strong>Informaci\u00f3n adicional:<\/strong><\/td>\n<td width=\"435\">Puede consultar informaci\u00f3n adicional y detallada sobre Protecci\u00f3n de Datos en la continuaci\u00f3n de este documento.<\/td>\n<\/tr>\n<\/tbody>\n<\/table>\n<p>&nbsp;<\/p>\n<p>&nbsp;<\/p>\n<p>&nbsp;<\/p>\n<p><strong>Informaci\u00f3n adicional\u00a0\u00a0<\/strong><\/p>\n<p><strong> \u00bfQui\u00e9n es el responsable del tratamiento de sus datos?<\/strong><\/p>\n<p><strong>Identidad<\/strong>: RAMBLA PONENT CONSULTORS S.L. \u00a0\u00a0<strong>Direcci\u00f3n postal<\/strong>: Rambla Ponent, bloc-10, locals-11-12-13, 43006, TARRAGONA. <strong>Tel\u00e9fono<\/strong>: 977 541317\u00a0 <strong>Correo electr\u00f3nico<\/strong>: <a href=\"mailto:info@lefitec.com\">info@lefitec.com<\/a><\/p>\n<p><strong>\u00bfCon qu\u00e9 finalidad tratamos sus datos personales?<\/strong><\/p>\n<p>RAMBLA PONENT CONSULTORS S.L. Propietario de la Web\u00a0 tratamos la informaci\u00f3n que nos facilitan las personas interesadas con el fin de: Realizar la gesti\u00f3n administrativa, contable y fiscal de nuestros clientes o potenciales clientes, atender a sus consultas, intercomunicaci\u00f3n entre las partes por medios electr\u00f3nicos (Whats App, etc) as\u00ed como el env\u00edo de comunicaciones comerciales (Por medios postales o electr\u00f3nicos) \u00a0sobre los productos y servicios por parte de las empresas mancomunadas en los servicios que propone la web (LEFITEC PROJECTES S.L.P,\u201dServicios t\u00e9cnicos de ingenier\u00eda y arquitectura\u201d DIEGO MARTINEZ GALLARDO \u201cServicios jur\u00eddicos\u201d y LEFITEC FISCAL Y LABORAL S.L.P. \u201cGesti\u00f3n y asesoramiento empresarial, gestor\u00eda administrativa, servicios jur\u00eddicos y administraci\u00f3n comunidades\u201d).<\/p>\n<p><strong>\u00bfPor cu\u00e1nto tiempo conservaremos sus datos?<\/strong><\/p>\n<p>Los datos se conservar\u00e1n mientras se mantenga la relaci\u00f3n comercial o durante los a\u00f1os necesarios para cumplir con las obligaciones legales (clientes) y mientras no lo solicite el interesado (potenciales clientes ,\u00a0 usuarios cuestionario de contacto web ).<\/p>\n<p><strong>\u00bfCu\u00e1l es la legitimaci\u00f3n para el tratamiento de sus datos?<\/strong><\/p>\n<p>Le indicamos la base legal para el tratamiento de sus datos: &#8211; <u>Consentimiento del interesado<\/u>: Env\u00edo de comunicaciones comerciales (potenciales clientes). \u2013 <u>Ejecuci\u00f3n de un contrato<\/u>: Prestaci\u00f3n de los servicios\/productos solicitados. \u2013 <u>Ejecuci\u00f3n de medidas precontractuales a petici\u00f3n del interesado<\/u>: Atender a las solicitudes recibidas,\u00a0\u00a0 \u2013 <u>Inter\u00e9s leg\u00edtimo del responsable<\/u>: Env\u00edo de comunicaciones comerciales. (clientes).<\/p>\n<p><strong>\u00bfA qu\u00e9 destinatarios se comunicar\u00e1n sus datos?<\/strong><\/p>\n<p>A la empresa mancomunada a la que corresponda el servicio, solicitud o env\u00edo que realiza el usuario. \u00a0Se comparten datos con otros prestadores de servicios con los que existe un contrato, debidamente firmado, seg\u00fan dicta el art\u00edculo 28 del RGPD-UE. Tambi\u00e9n a entidades o instancias con obligaci\u00f3n legal.<\/p>\n<p><strong>\u00bfTransferencias de datos a terceros pa\u00edses?<\/strong><\/p>\n<p>No est\u00e1n previstas transferencias de datos a terceros pa\u00edses.<\/p>\n<p><strong>\u00bfCu\u00e1les son sus derechos cuando nos facilita sus datos?<\/strong><\/p>\n<p>Cualquier persona tiene derecho a obtener confirmaci\u00f3n sobre si en RAMBLA PONENT CONSULTORS S.L.. estamos tratando datos personales que les conciernan, o no.Las personas interesadas tienen derecho a acceder a sus datos personales, as\u00ed como a solicitar la rectificaci\u00f3n de los datos inexactos o, en su caso, solicitar su supresi\u00f3n cuando, entre otros motivos, los datos ya no sean necesarios para los fines que fueron recogidos.<\/p>\n<p>En determinadas circunstancias, los interesados podr\u00e1n solicitar la limitaci\u00f3n del tratamiento de sus datos, en cuyo caso \u00fanicamente los conservaremos para el ejercicio o la defensa de reclamaciones.<\/p>\n<p>En determinadas circunstancias y por motivos relacionados con su situaci\u00f3n particular, los interesados podr\u00e1n oponerse al tratamiento de sus datos. En este caso, RAMBLA PONENT CONSULTORS S.L.. dejar\u00e1 de tratar los datos, salvo por motivos leg\u00edtimos imperiosos, o el ejercicio o la defensa de posibles reclamaciones.<\/p>\n<p>Podr\u00e1 ejercitar materialmente sus derechos de la siguiente forma: Tiene derecho a acceder, rectificar y suprimir los datos, as\u00ed como la portabilidad de sus datos, que puede ejercer en la direcci\u00f3n del responsable o en: <a href=\"mailto:info@lefitec.com\">info@lefitec.com<\/a> \u00a0\u00a0.<\/p>\n<p>Si ha otorgado su consentimiento para alguna finalidad concreta, tiene derecho a retirar el consentimiento otorgado en cualquier momento, sin que ello afecte a la licitud del tratamiento basado en el consentimiento previo a su retirada.<\/p>\n<p>En caso de que sienta vulnerados sus derechos en lo concerniente a la protecci\u00f3n de sus datos personales, especialmente cuando no haya obtenido satisfacci\u00f3n en el ejercicio de sus derechos, puede presentar una reclamaci\u00f3n ante la Autoridad de Control en materia de Protecci\u00f3n de Datos competente a trav\u00e9s de su sitio web: www.agpd.es<\/p>\n<p>&nbsp;<\/p>\n<p><strong>\u00bfC\u00f3mo HEMOS OBTENIDO SUS DATOS?<\/strong><\/p>\n<p>Los datos personales que tratamos en RAMBLA PONENT CONSULTORS S.L.. proceden del propio interesado.<\/p>\n<p>No se tratan categor\u00edas especiales de datos personales (son aquellos datos que revelen el origen \u00e9tnico o racial, las opiniones pol\u00edticas, las convicciones religiosas o filos\u00f3ficas, o la afiliaci\u00f3n sindical, datos gen\u00e9ticos, datos biom\u00e9tricos dirigidos a identificar de manera un\u00edvoca a una persona f\u00edsica, datos de salud o datos relativos a la vida sexual o la orientaci\u00f3n sexual de una persona f\u00edsica).<\/p>\n<p>&nbsp;<\/p>\n<p>RAMBLA PONENT CONSULTORS S.L adopta los niveles de seguridad correspondientes requeridos por REGLAMENTO (UE) 2016\/679 DEL PARLAMENTO EUROPEO Y DEL CONSEJO\u00a0 y dem\u00e1s normativa aplicable. No obstante, no puede garantizar la absoluta invulnerabilidad de los sistemas, por tanto, no asume ninguna responsabilidad por los da\u00f1os y perjuicios derivados de alteraciones que terceros puedan causar en los sistemas inform\u00e1ticos, documentos electr\u00f3nicos o ficheros del usuario.<\/p>\n<p>Si opta por abandonar nuestro sitio web a trav\u00e9s de enlaces a sitios web no pertenecientes a nuestra entidad, RAMBLA PONENT CONSULTORS S.L. no se har\u00e1 responsable de las pol\u00edticas de privacidad de dichos sitios web ni de las cookies que \u00e9stos puedan almacenar en el ordenador del usuario.<\/p>\n<p>Nuestra pol\u00edtica con respecto al correo electr\u00f3nico se centra en remitir \u00fanicamente comunicaciones que usted haya solicitado recibir.<\/p>\n<p>Si prefiere no recibir estos mensajes por correo electr\u00f3nico le ofreceremos a trav\u00e9s de los mismos la posibilidad de ejercer su derecho de cancelaci\u00f3n y renuncia a la recepci\u00f3n de estos mensajes, en conformidad con lo dispuesto en el <strong>T\u00edtulo III, art\u00edculo 22 de la Ley 34\/2002, de Servicios para la Sociedad de la Informaci\u00f3n y de Comercio Electr\u00f3nic<\/strong><\/p>\n<p>&nbsp;<\/p>\n<p>&nbsp;<\/p>\n<ol start=\"5\">\n<li><strong>PROCEDIMIENTO<\/strong> <strong>EN<\/strong> <strong>CASO<\/strong> <strong>DE<\/strong> <strong>REALIZACI\u00d3N<\/strong> <strong>DE<\/strong> <strong>ACTIVITATS<\/strong> <strong>DE<\/strong> <strong>CAR\u00c1CTER<\/strong> <strong>IL\u00cdCITO<\/strong><\/li>\n<\/ol>\n<p>&nbsp;<\/p>\n<p>En el caso de que cualquier usuario o un tercero considere que existen hechos o circunstancias que revelen el car\u00e1cter il\u00edcito de la utilizaci\u00f3n de cualquier contenido y\/o de la realizaci\u00f3n de cualquier actividad en las p\u00e1ginas web incluidas o accesibles a trav\u00e9s del sitio web, deber\u00e1 enviar una notificaci\u00f3n a EL PROPIETARIO DE LA WEB identific\u00e1ndose debidamente, especificando las supuestas infracciones y declarando expresamente y bajo su responsabilidad que la informaci\u00f3n proporcionada en la notificaci\u00f3n es exacta.<\/p>\n<p>&nbsp;<\/p>\n<p>&nbsp;<\/p>\n<p>Para toda cuesti\u00f3n litigiosa que incumba al sitio web de EL PROPIETARIO DE LA WEB, ser\u00e1 de aplicaci\u00f3n la legislaci\u00f3n espa\u00f1ola, siendo competentes los Juzgados y Tribunales de TARRAGONA (Espa\u00f1a).<\/p>\n<p>&nbsp;<\/p>\n<p>&nbsp;<\/p>\n<p>&nbsp;<\/p>\n<p>&nbsp;<\/p>\n<ul>\n<li><strong>LEGISLACI\u00d3N APLICABLE<\/strong><\/li>\n<\/ul>\n<p>Las condiciones presentes se regir\u00e1n por la legislaci\u00f3n espa\u00f1ola vigente.<\/p>\n<p>La lengua utilizada ser\u00e1 el Castellano<\/p>\n<p>&nbsp;<\/p>\n<p>&nbsp;<\/p>","protected":false},"excerpt":{"rendered":"<p>0. OBJETO Y ACEPTACI\u00d3N &nbsp; El presente aviso legal regula el uso del sitio web www.lefitec.com \u00a0(en adelante, LA WEB), del que es titular RAMBLA PONENT CONSULTORS S.L. (en adelante, EL PROPIETARIO DE LA WEB). La navegaci\u00f3n por el sitio web de EL PROPIETARIO DE LA WEB atribuye la condici\u00f3n de usuario del mismo e [&hellip;]<\/p>","protected":false},"author":4,"featured_media":0,"parent":0,"menu_order":0,"comment_status":"closed","ping_status":"closed","template":"","meta":{"footnotes":""},"_links":{"self":[{"href":"https:\/\/lefitec.com\/ca\/wp-json\/wp\/v2\/pages\/1708"}],"collection":[{"href":"https:\/\/lefitec.com\/ca\/wp-json\/wp\/v2\/pages"}],"about":[{"href":"https:\/\/lefitec.com\/ca\/wp-json\/wp\/v2\/types\/page"}],"author":[{"embeddable":true,"href":"https:\/\/lefitec.com\/ca\/wp-json\/wp\/v2\/users\/4"}],"replies":[{"embeddable":true,"href":"https:\/\/lefitec.com\/ca\/wp-json\/wp\/v2\/comments?post=1708"}],"version-history":[{"count":2,"href":"https:\/\/lefitec.com\/ca\/wp-json\/wp\/v2\/pages\/1708\/revisions"}],"predecessor-version":[{"id":1819,"href":"https:\/\/lefitec.com\/ca\/wp-json\/wp\/v2\/pages\/1708\/revisions\/1819"}],"wp:attachment":[{"href":"https:\/\/lefitec.com\/ca\/wp-json\/wp\/v2\/media?parent=1708"}],"curies":[{"name":"wp","href":"https:\/\/api.w.org\/{rel}","templated":true}]}}